{"id":71,"date":"2018-11-26T12:45:57","date_gmt":"2018-11-26T12:45:57","guid":{"rendered":"https:\/\/www.ekronyanginsistemleri.com\/site\/?page_id=71"},"modified":"2021-11-20T18:44:56","modified_gmt":"2021-11-20T18:44:56","slug":"about","status":"publish","type":"page","link":"https:\/\/www.ekronyanginsistemleri.com\/tr\/about\/","title":{"rendered":"Hakk\u0131m\u0131zda"},"content":{"rendered":"<div data-elementor-type=\"wp-post\" data-elementor-id=\"71\" class=\"elementor elementor-71\" data-elementor-settings=\"[]\">\n\t\t\t\t\t\t\t<div class=\"elementor-section-wrap\">\n\t\t\t\t\t\t\t<section class=\"elementor-section elementor-top-section elementor-element elementor-element-1b5d768b elementor-section-content-middle elementor-section-boxed elementor-section-height-default elementor-section-height-default\" data-id=\"1b5d768b\" data-element_type=\"section\" data-settings=\"{&quot;background_background&quot;:&quot;classic&quot;}\">\n\t\t\t\t\t\t\t<div class=\"elementor-background-overlay\"><\/div>\n\t\t\t\t\t\t\t<div class=\"elementor-container elementor-column-gap-no\">\n\t\t\t\t\t<div class=\"elementor-column elementor-col-100 elementor-top-column elementor-element elementor-element-1608c15b\" data-id=\"1608c15b\" data-element_type=\"column\">\n\t\t\t<div class=\"elementor-widget-wrap elementor-element-populated\">\n\t\t\t\t\t\t\t\t<div class=\"elementor-element elementor-element-321a34b8 elementor-widget elementor-widget-heading\" data-id=\"321a34b8\" data-element_type=\"widget\" data-widget_type=\"heading.default\">\n\t\t\t\t<div class=\"elementor-widget-container\">\n\t\t\t<h1 class=\"elementor-heading-title elementor-size-default\">Hakk\u0131m\u0131zda<\/h1>\t\t<\/div>\n\t\t\t\t<\/div>\n\t\t\t\t\t<\/div>\n\t\t<\/div>\n\t\t\t\t\t\t\t<\/div>\n\t\t<\/section>\n\t\t\t\t<section class=\"elementor-section elementor-top-section elementor-element elementor-element-54dfedde elementor-section-content-top elementor-section-boxed elementor-section-height-default elementor-section-height-default\" data-id=\"54dfedde\" data-element_type=\"section\">\n\t\t\t\t\t\t<div class=\"elementor-container elementor-column-gap-no\">\n\t\t\t\t\t<div class=\"elementor-column elementor-col-50 elementor-top-column elementor-element elementor-element-3b5232b7\" data-id=\"3b5232b7\" data-element_type=\"column\">\n\t\t\t<div class=\"elementor-widget-wrap elementor-element-populated\">\n\t\t\t\t\t\t\t\t<div class=\"elementor-element elementor-element-3f123748 elementor-widget elementor-widget-heading\" data-id=\"3f123748\" data-element_type=\"widget\" data-widget_type=\"heading.default\">\n\t\t\t\t<div class=\"elementor-widget-container\">\n\t\t\t<h5 class=\"elementor-heading-title elementor-size-default\">SALGROMATIC \u2013 VER\u0130ML\u0130 VE KESEN\u0130ZE DOST\n<\/h5>\t\t<\/div>\n\t\t\t\t<\/div>\n\t\t\t\t<div class=\"elementor-element elementor-element-ac1409d elementor-widget elementor-widget-heading\" data-id=\"ac1409d\" data-element_type=\"widget\" data-widget_type=\"heading.default\">\n\t\t\t\t<div class=\"elementor-widget-container\">\n\t\t\t<h2 class=\"elementor-heading-title elementor-size-default\">SALGROMATIC \u2013 VER\u0130ML\u0130 VE KESEN\u0130ZE DOST<\/h2>\t\t<\/div>\n\t\t\t\t<\/div>\n\t\t\t\t<div class=\"elementor-element elementor-element-213af70 elementor-widget elementor-widget-text-editor\" data-id=\"213af70\" data-element_type=\"widget\" data-widget_type=\"text-editor.default\">\n\t\t\t\t<div class=\"elementor-widget-container\">\n\t\t\t\t\t\t\t<p>Salgromatic yang\u0131n s\u00f6nd\u00fcrme sistemleri, mevcut tesislerde kolayl\u0131kla ve zahmetsizce kurulabilirler, ve in\u015fa halindeki yap\u0131lara basit\u00e7e entegre edilebilirler. Tamamen mod\u00fcler olan bu sistemler her t\u00fcrl\u00fc uygulamaya uyarlanabilirler.<\/p><p>Salgromatic yang\u0131n s\u00f6nd\u00fcrme \u00e7\u00f6z\u00fcmlerinin verimli basitli\u011fi bu sistemleri piyasadaki en uygun maliyetli s\u00f6nd\u00fcrme sistemi haline getirmi\u015ftir. Dahas\u0131, sistemin \u00f6m\u00fcr boyu maliyeti geleneksel sistemlerle k\u0131yasland\u0131\u011f\u0131nda g\u00f6rece d\u00fc\u015f\u00fck seviyede kalmaktad\u0131r. Test edilen ve onaylanan s\u00f6nd\u00fcrme \u00e7\u00f6z\u00fcmleri, gereki olan g\u00fcvenlik seviyelerinden ve taleplerden ba\u011f\u0131ms\u0131z olarak t\u00fcm m\u00fc\u015fteri gruplar\u0131na uygundur.<\/p>\t\t\t\t\t\t<\/div>\n\t\t\t\t<\/div>\n\t\t\t\t\t<\/div>\n\t\t<\/div>\n\t\t\t\t<div class=\"elementor-column elementor-col-50 elementor-top-column elementor-element elementor-element-3cf1fd6\" data-id=\"3cf1fd6\" data-element_type=\"column\">\n\t\t\t<div class=\"elementor-widget-wrap elementor-element-populated\">\n\t\t\t\t\t\t\t\t<div class=\"elementor-element elementor-element-8f14f19 elementor-widget elementor-widget-heading\" data-id=\"8f14f19\" data-element_type=\"widget\" data-widget_type=\"heading.default\">\n\t\t\t\t<div class=\"elementor-widget-container\">\n\t\t\t<h3 class=\"elementor-heading-title elementor-size-default\">SALGROM TEKNOLOJ\u0130LER\u0130, YANGIN G\u00dcVENL\u0130\u011e\u0130 VE S\u00d6ND\u00dcRME TEKNOLOJ\u0130S\u0130 ALANININ F\u0130NLAND\u0130YA\u2019DAN \u00c7IKAN L\u0130DER\u0130D\u0130R.\n\n<\/h3>\t\t<\/div>\n\t\t\t\t<\/div>\n\t\t\t\t<div class=\"elementor-element elementor-element-48d89661 elementor-widget elementor-widget-text-editor\" data-id=\"48d89661\" data-element_type=\"widget\" data-widget_type=\"text-editor.default\">\n\t\t\t\t<div class=\"elementor-widget-container\">\n\t\t\t\t\t\t\t<p>Yang\u0131n s\u00f6nd\u00fcrme alan\u0131ndaki zorluklar\u0131 g\u00fcvenli, do\u011fru, uygun maliyetli ve esnek bir \u015fekilde \u00e7\u00f6zerken \u00e7evre sorumlulu\u011fumuzun da bilincinde olarak yang\u0131n s\u00f6nd\u00fcrme alan\u0131nda devrim yarat\u0131yoruz.<\/p><p>Teknoloji sa\u011flay\u0131c\u0131lar\u0131yla, \u00fcstlenicilerimizle, ara\u015ft\u0131rma enstit\u00fcleriyle ve yetkililerle i\u015fbirli\u011fi i\u00e7inde durmaks\u0131z\u0131n yeni yang\u0131n s\u00f6nd\u00fcrme \u00e7\u00f6z\u00fcmleri geli\u015ftiriyoruz.<\/p><p>Herkesin yang\u0131n g\u00fcvenli\u011fini sa\u011flama hakk\u0131 vard\u0131r ve bizce bunun karma\u015f\u0131k ve pahal\u0131 olmas\u0131na gerek yoktur.<\/p><p>M\u00fc\u015fterilerimiz aras\u0131nda Finlandiya\u2019daki ve Finlandiya d\u0131\u015f\u0131ndaki end\u00fcstri liderleri bulunmaktad\u0131r.<\/p>\t\t\t\t\t\t<\/div>\n\t\t\t\t<\/div>\n\t\t\t\t\t<\/div>\n\t\t<\/div>\n\t\t\t\t\t\t\t<\/div>\n\t\t<\/section>\n\t\t\t\t<section class=\"elementor-section elementor-top-section elementor-element elementor-element-40a873ed elementor-section-content-top elementor-section-boxed elementor-section-height-default elementor-section-height-default\" data-id=\"40a873ed\" data-element_type=\"section\" data-settings=\"{&quot;background_background&quot;:&quot;classic&quot;}\">\n\t\t\t\t\t\t\t<div class=\"elementor-background-overlay\"><\/div>\n\t\t\t\t\t\t\t<div class=\"elementor-container elementor-column-gap-no\">\n\t\t\t\t\t<div class=\"elementor-column elementor-col-100 elementor-top-column elementor-element elementor-element-7b7e5e6f\" data-id=\"7b7e5e6f\" data-element_type=\"column\">\n\t\t\t<div class=\"elementor-widget-wrap elementor-element-populated\">\n\t\t\t\t\t\t\t\t<div class=\"elementor-element elementor-element-652202b3 elementor-widget-divider--view-line elementor-widget elementor-widget-divider\" data-id=\"652202b3\" data-element_type=\"widget\" data-widget_type=\"divider.default\">\n\t\t\t\t<div class=\"elementor-widget-container\">\n\t\t\t\t\t<div class=\"elementor-divider\">\n\t\t\t<span class=\"elementor-divider-separator\">\n\t\t\t\t\t\t<\/span>\n\t\t<\/div>\n\t\t\t\t<\/div>\n\t\t\t\t<\/div>\n\t\t\t\t<div class=\"elementor-element elementor-element-75c6e16 elementor-widget elementor-widget-heading\" data-id=\"75c6e16\" data-element_type=\"widget\" data-widget_type=\"heading.default\">\n\t\t\t\t<div class=\"elementor-widget-container\">\n\t\t\t<h3 class=\"elementor-heading-title elementor-size-default\">SALGROMATIC YANGIN S\u00d6ND\u00dcRME S\u0130STEMLER\u0130N\u0130 GELENEKSEL ALTERNAT\u0130FLER\u0130 KAR\u015eISINDA \u00dcST\u00dcN KILAN NED\u0130R?<\/h3>\t\t<\/div>\n\t\t\t\t<\/div>\n\t\t\t\t<div class=\"elementor-element elementor-element-f03a813 elementor-widget elementor-widget-text-editor\" data-id=\"f03a813\" data-element_type=\"widget\" data-widget_type=\"text-editor.default\">\n\t\t\t\t<div class=\"elementor-widget-container\">\n\t\t\t\t\t\t\t<p>Dijitalle\u015fme, b\u00fcy\u00fck zararlar\u0131n \u00f6n\u00fcne ge\u00e7ebilmek i\u00e7in yeni teknolojileri yang\u0131ndan koruma ihtiyac\u0131n\u0131 vurgulam\u0131\u015ft\u0131r. Elektrik enerjisi kullan\u0131m\u0131 artt\u0131k\u00e7a, y\u0131k\u0131c\u0131 elektrik yang\u0131n\u0131 risklerini \u00f6ng\u00f6rebilmek ve en d\u00fc\u015f\u00fck seviyeye indirgeyebilmek gerek \u00f6zel gerekse kamusal sekt\u00f6rler a\u00e7\u0131s\u0131ndan b\u00fcy\u00fck \u00f6nem ta\u015f\u0131maktad\u0131r.<\/p><p>Modern yang\u0131n s\u00f6nd\u00fcrme sistemlerinin esnek, uygun maliyetli ve \u00e7ok y\u00f6nl\u00fc uygulamalara uyarlanabilir olmas\u0131 gerekir. Yang\u0131n s\u00f6nd\u00fcrme ve \u00f6nleme alan\u0131nda \u00e7\u0131\u011f\u0131r a\u00e7an Salgromatic sistemleri, sprinkler sistemlerinin oyuna giri\u015fiyle k\u0131yaslanabilecek bir d\u00f6n\u00fcm noktas\u0131n\u0131 bi\u00e7imlendirmektedir.<\/p>\t\t\t\t\t\t<\/div>\n\t\t\t\t<\/div>\n\t\t\t\t\t<\/div>\n\t\t<\/div>\n\t\t\t\t\t\t\t<\/div>\n\t\t<\/section>\n\t\t\t\t<section class=\"elementor-section elementor-top-section elementor-element elementor-element-8395b82 elementor-section-content-top elementor-section-boxed elementor-section-height-default elementor-section-height-default\" data-id=\"8395b82\" data-element_type=\"section\" data-settings=\"{&quot;background_background&quot;:&quot;classic&quot;}\">\n\t\t\t\t\t\t\t<div class=\"elementor-background-overlay\"><\/div>\n\t\t\t\t\t\t\t<div class=\"elementor-container elementor-column-gap-no\">\n\t\t\t\t\t<div class=\"elementor-column elementor-col-100 elementor-top-column elementor-element elementor-element-86e8ded\" data-id=\"86e8ded\" data-element_type=\"column\">\n\t\t\t<div class=\"elementor-widget-wrap elementor-element-populated\">\n\t\t\t\t\t\t\t\t<div class=\"elementor-element elementor-element-8213350 elementor-widget-divider--view-line elementor-widget elementor-widget-divider\" data-id=\"8213350\" data-element_type=\"widget\" data-widget_type=\"divider.default\">\n\t\t\t\t<div class=\"elementor-widget-container\">\n\t\t\t\t\t<div class=\"elementor-divider\">\n\t\t\t<span class=\"elementor-divider-separator\">\n\t\t\t\t\t\t<\/span>\n\t\t<\/div>\n\t\t\t\t<\/div>\n\t\t\t\t<\/div>\n\t\t\t\t<section class=\"elementor-section elementor-inner-section elementor-element elementor-element-361f0b7 elementor-section-content-top elementor-section-boxed elementor-section-height-default elementor-section-height-default\" data-id=\"361f0b7\" data-element_type=\"section\">\n\t\t\t\t\t\t<div class=\"elementor-container elementor-column-gap-no\">\n\t\t\t\t\t<div class=\"elementor-column elementor-col-100 elementor-inner-column elementor-element elementor-element-485f00e\" data-id=\"485f00e\" data-element_type=\"column\">\n\t\t\t<div class=\"elementor-widget-wrap elementor-element-populated\">\n\t\t\t\t\t\t\t\t<div class=\"elementor-element elementor-element-01a092f elementor-widget elementor-widget-heading\" data-id=\"01a092f\" data-element_type=\"widget\" data-widget_type=\"heading.default\">\n\t\t\t\t<div class=\"elementor-widget-container\">\n\t\t\t<h3 class=\"elementor-heading-title elementor-size-default\">YANGINLAR CANLARA MAL OLAB\u0130L\u0130R VE F\u0130RMALARI \u00c7\u00d6KERTEB\u0130L\u0130R<\/h3>\t\t<\/div>\n\t\t\t\t<\/div>\n\t\t\t\t<div class=\"elementor-element elementor-element-e527b55 elementor-widget elementor-widget-text-editor\" data-id=\"e527b55\" data-element_type=\"widget\" data-widget_type=\"text-editor.default\">\n\t\t\t\t<div class=\"elementor-widget-container\">\n\t\t\t\t\t\t\t<p>Olmayacak bir yerde yang\u0131n \u00e7\u0131kt\u0131\u011f\u0131nda, bunun sonu\u00e7lar\u0131 korkun\u00e7 ve y\u0131k\u0131c\u0131 olabilir. Yang\u0131n s\u00f6nd\u00fcr\u00fclebilir b\u00fcy\u00fckl\u00fckte olsa bile, duman ve s\u00f6nd\u00fcrme suyu binalarda ve teknolojik donan\u0131mlarda \u00e7o\u011funlukla ciddi boyutlarda zarara yol a\u00e7abilir. En k\u00f6t\u00fc durumdaysa, yang\u0131n sonucunda canlar kaybedilebilir.<\/p>\t\t\t\t\t\t<\/div>\n\t\t\t\t<\/div>\n\t\t\t\t\t<\/div>\n\t\t<\/div>\n\t\t\t\t\t\t\t<\/div>\n\t\t<\/section>\n\t\t\t\t\t<\/div>\n\t\t<\/div>\n\t\t\t\t\t\t\t<\/div>\n\t\t<\/section>\n\t\t\t\t<section class=\"elementor-section elementor-top-section elementor-element elementor-element-d9d86a7 elementor-section-content-top elementor-section-boxed elementor-section-height-default elementor-section-height-default\" data-id=\"d9d86a7\" data-element_type=\"section\" data-settings=\"{&quot;background_background&quot;:&quot;classic&quot;}\">\n\t\t\t\t\t\t\t<div class=\"elementor-background-overlay\"><\/div>\n\t\t\t\t\t\t\t<div class=\"elementor-container elementor-column-gap-no\">\n\t\t\t\t\t<div class=\"elementor-column elementor-col-100 elementor-top-column elementor-element elementor-element-2814f2a\" data-id=\"2814f2a\" data-element_type=\"column\">\n\t\t\t<div class=\"elementor-widget-wrap elementor-element-populated\">\n\t\t\t\t\t\t\t\t<div class=\"elementor-element elementor-element-ce88b67 elementor-widget-divider--view-line elementor-widget elementor-widget-divider\" data-id=\"ce88b67\" data-element_type=\"widget\" data-widget_type=\"divider.default\">\n\t\t\t\t<div class=\"elementor-widget-container\">\n\t\t\t\t\t<div class=\"elementor-divider\">\n\t\t\t<span class=\"elementor-divider-separator\">\n\t\t\t\t\t\t<\/span>\n\t\t<\/div>\n\t\t\t\t<\/div>\n\t\t\t\t<\/div>\n\t\t\t\t<section class=\"elementor-section elementor-inner-section elementor-element elementor-element-cd3d827 elementor-section-content-top elementor-section-boxed elementor-section-height-default elementor-section-height-default\" data-id=\"cd3d827\" data-element_type=\"section\">\n\t\t\t\t\t\t<div class=\"elementor-container elementor-column-gap-no\">\n\t\t\t\t\t<div class=\"elementor-column elementor-col-100 elementor-inner-column elementor-element elementor-element-10ffb1c\" data-id=\"10ffb1c\" data-element_type=\"column\">\n\t\t\t<div class=\"elementor-widget-wrap elementor-element-populated\">\n\t\t\t\t\t\t\t\t<div class=\"elementor-element elementor-element-7a8f3b4 elementor-widget elementor-widget-heading\" data-id=\"7a8f3b4\" data-element_type=\"widget\" data-widget_type=\"heading.default\">\n\t\t\t\t<div class=\"elementor-widget-container\">\n\t\t\t<h3 class=\"elementor-heading-title elementor-size-default\">DURAN \u00dcRET\u0130M VE AZALAN G\u00dcVEN\u0130L\u0130RL\u0130K<\/h3>\t\t<\/div>\n\t\t\t\t<\/div>\n\t\t\t\t<div class=\"elementor-element elementor-element-2ea0768 elementor-widget elementor-widget-text-editor\" data-id=\"2ea0768\" data-element_type=\"widget\" data-widget_type=\"text-editor.default\">\n\t\t\t\t<div class=\"elementor-widget-container\">\n\t\t\t\t\t\t\t<p>Bir yang\u0131n sonras\u0131nda firmalar say\u0131s\u0131z sorunlarla bo\u011fu\u015fmak zorunda kal\u0131rlar. Donan\u0131mlar\u0131n ve tesislerin g\u00f6rd\u00fc\u011f\u00fc zarar, \u00fcretimin durmas\u0131 ve belge kay\u0131plar\u0131 y\u00fcr\u00fct\u00fclmekte olan i\u015f a\u00e7\u0131s\u0131ndan y\u0131k\u0131c\u0131 olabilecek kayda de\u011fer masraflara yol a\u00e7ar. Dahas\u0131, bir yang\u0131n \u015firketin sayg\u0131nl\u0131\u011f\u0131 a\u00e7\u0131s\u0131ndan k\u00f6t\u00fc intibalar olu\u015fturarak, firma operasyonlar\u0131n\u0131n g\u00fcvenilirli\u011fi hakk\u0131nda m\u00fc\u015fterilerin ve i\u015f ortaklar\u0131n\u0131n kafalar\u0131nda sorular\u0131n belirmesine neden olabilir.<\/p>\t\t\t\t\t\t<\/div>\n\t\t\t\t<\/div>\n\t\t\t\t\t<\/div>\n\t\t<\/div>\n\t\t\t\t\t\t\t<\/div>\n\t\t<\/section>\n\t\t\t\t\t<\/div>\n\t\t<\/div>\n\t\t\t\t\t\t\t<\/div>\n\t\t<\/section>\n\t\t\t\t<section class=\"elementor-section elementor-top-section elementor-element elementor-element-60a731c elementor-section-content-top elementor-section-boxed elementor-section-height-default elementor-section-height-default\" data-id=\"60a731c\" data-element_type=\"section\" data-settings=\"{&quot;background_background&quot;:&quot;classic&quot;}\">\n\t\t\t\t\t\t\t<div class=\"elementor-background-overlay\"><\/div>\n\t\t\t\t\t\t\t<div class=\"elementor-container elementor-column-gap-no\">\n\t\t\t\t\t<div class=\"elementor-column elementor-col-100 elementor-top-column elementor-element elementor-element-2c644eb\" data-id=\"2c644eb\" data-element_type=\"column\">\n\t\t\t<div class=\"elementor-widget-wrap elementor-element-populated\">\n\t\t\t\t\t\t\t\t<div class=\"elementor-element elementor-element-94fbbbb elementor-widget-divider--view-line elementor-widget elementor-widget-divider\" data-id=\"94fbbbb\" data-element_type=\"widget\" data-widget_type=\"divider.default\">\n\t\t\t\t<div class=\"elementor-widget-container\">\n\t\t\t\t\t<div class=\"elementor-divider\">\n\t\t\t<span class=\"elementor-divider-separator\">\n\t\t\t\t\t\t<\/span>\n\t\t<\/div>\n\t\t\t\t<\/div>\n\t\t\t\t<\/div>\n\t\t\t\t<section class=\"elementor-section elementor-inner-section elementor-element elementor-element-f59d739 elementor-section-content-top elementor-section-boxed elementor-section-height-default elementor-section-height-default\" data-id=\"f59d739\" data-element_type=\"section\">\n\t\t\t\t\t\t<div class=\"elementor-container elementor-column-gap-no\">\n\t\t\t\t\t<div class=\"elementor-column elementor-col-100 elementor-inner-column elementor-element elementor-element-8b0711a\" data-id=\"8b0711a\" data-element_type=\"column\">\n\t\t\t<div class=\"elementor-widget-wrap elementor-element-populated\">\n\t\t\t\t\t\t\t\t<div class=\"elementor-element elementor-element-932a71d elementor-widget elementor-widget-heading\" data-id=\"932a71d\" data-element_type=\"widget\" data-widget_type=\"heading.default\">\n\t\t\t\t<div class=\"elementor-widget-container\">\n\t\t\t<h3 class=\"elementor-heading-title elementor-size-default\">S\u0130GORTA \u015e\u0130RKETLER\u0130 KAYBED\u0130LEN M\u00dc\u015eTER\u0130LER\u0130 TEM\u0130NAT ALTINA ALMAZ<\/h3>\t\t<\/div>\n\t\t\t\t<\/div>\n\t\t\t\t<div class=\"elementor-element elementor-element-91bc7f1 elementor-widget elementor-widget-text-editor\" data-id=\"91bc7f1\" data-element_type=\"widget\" data-widget_type=\"text-editor.default\">\n\t\t\t\t<div class=\"elementor-widget-container\">\n\t\t\t\t\t\t\t<p>Ufac\u0131k bir k\u0131v\u0131lc\u0131m 30 saniyeden k\u0131sa bir s\u00fcrede kontrol alt\u0131na al\u0131namayacak bir yang\u0131n facias\u0131na d\u00f6n\u00fc\u015febilir. \u0130\u015f a\u00e7\u0131s\u0131ndan bak\u0131ld\u0131\u011f\u0131nda, kritik bir konumda \u00e7\u0131kabilecek bir k\u00fc\u00e7\u00fck yang\u0131n\u0131n bile t\u00fcm i\u015f operasyonlar\u0131n\u0131 uzun bir s\u00fcre boyunca sekteye u\u011fratabilece\u011fini anlamak \u00f6nemlidir. Firman\u0131n yapt\u0131rd\u0131\u011f\u0131 sigorta tesislerde ve donan\u0131mlarda yang\u0131n nedeniyle olu\u015fabilecek kay\u0131p ve hasarlar\u0131 teminat alt\u0131na alsa da ka\u00e7an f\u0131rsatlar\u0131 ve zedelenen m\u00fc\u015fteri ili\u015fkilerini onarmakta etkisiz kalacakt\u0131r.<\/p>\t\t\t\t\t\t<\/div>\n\t\t\t\t<\/div>\n\t\t\t\t\t<\/div>\n\t\t<\/div>\n\t\t\t\t\t\t\t<\/div>\n\t\t<\/section>\n\t\t\t\t\t<\/div>\n\t\t<\/div>\n\t\t\t\t\t\t\t<\/div>\n\t\t<\/section>\n\t\t\t\t<section class=\"elementor-section elementor-top-section elementor-element elementor-element-187f1669 elementor-section-boxed elementor-section-height-default elementor-section-height-default\" data-id=\"187f1669\" data-element_type=\"section\" data-settings=\"{&quot;background_background&quot;:&quot;classic&quot;}\">\n\t\t\t\t\t\t<div class=\"elementor-container elementor-column-gap-default\">\n\t\t\t\t\t<div class=\"elementor-column elementor-col-25 elementor-top-column elementor-element elementor-element-1cee7c30\" data-id=\"1cee7c30\" data-element_type=\"column\">\n\t\t\t<div class=\"elementor-widget-wrap\">\n\t\t\t\t\t\t\t\t\t<\/div>\n\t\t<\/div>\n\t\t\t\t<div class=\"elementor-column elementor-col-25 elementor-top-column elementor-element elementor-element-38533178\" data-id=\"38533178\" data-element_type=\"column\">\n\t\t\t<div class=\"elementor-widget-wrap elementor-element-populated\">\n\t\t\t\t\t\t\t\t<div class=\"elementor-element elementor-element-6b858d7 elementor-widget elementor-widget-heading\" data-id=\"6b858d7\" data-element_type=\"widget\" data-widget_type=\"heading.default\">\n\t\t\t\t<div class=\"elementor-widget-container\">\n\t\t\t<h3 class=\"elementor-heading-title elementor-size-default\">TAM OTONOM YANGIN S\u0130STEM\u0130 \u00c7\u00f6z\u00fcmleriyle \u0130lgili Yard\u0131ma m\u0131 \u0130htiyac\u0131n\u0131z Var? \u0130\u015fin Uzman\u0131 Biziz!<\/h3>\t\t<\/div>\n\t\t\t\t<\/div>\n\t\t\t\t\t<\/div>\n\t\t<\/div>\n\t\t\t\t<div class=\"elementor-column elementor-col-25 elementor-top-column elementor-element elementor-element-20c4516d\" data-id=\"20c4516d\" data-element_type=\"column\">\n\t\t\t<div class=\"elementor-widget-wrap elementor-element-populated\">\n\t\t\t\t\t\t\t\t<div class=\"elementor-element elementor-element-4e0ea1e7 elementor-align-center elementor-widget elementor-widget-button\" data-id=\"4e0ea1e7\" data-element_type=\"widget\" data-widget_type=\"button.default\">\n\t\t\t\t<div class=\"elementor-widget-container\">\n\t\t\t\t\t<div class=\"elementor-button-wrapper\">\n\t\t\t<a href=\"https:\/\/www.ekronyanginsistemleri.com\/tr\/contact\/\" class=\"elementor-button-link elementor-button elementor-size-sm\" role=\"button\">\n\t\t\t\t\t\t<span class=\"elementor-button-content-wrapper\">\n\t\t\t\t\t\t<span class=\"elementor-button-text\">Daha Fazla Bilgi Al\u0131n<\/span>\n\t\t<\/span>\n\t\t\t\t\t<\/a>\n\t\t<\/div>\n\t\t\t\t<\/div>\n\t\t\t\t<\/div>\n\t\t\t\t\t<\/div>\n\t\t<\/div>\n\t\t\t\t<div class=\"elementor-column elementor-col-25 elementor-top-column elementor-element elementor-element-3d1a34c\" data-id=\"3d1a34c\" data-element_type=\"column\">\n\t\t\t<div class=\"elementor-widget-wrap\">\n\t\t\t\t\t\t\t\t\t<\/div>\n\t\t<\/div>\n\t\t\t\t\t\t\t<\/div>\n\t\t<\/section>\n\t\t\t\t\t\t<\/div>\n\t\t\t\t\t<\/div>","protected":false},"excerpt":{"rendered":"<p>About Us SALGROMATIC \u2013 EFFICIENT AND KIND ON THE WALLET SALGROMATIC \u2013 EFFICIENT AND KIND ON THE WALLET Salgromatic fire extinguishing systems are easy and effortless to install into existing facilities and simple to integrate into new-build constructions. They are completely modular, meaning that they can be adapted to any application. Salgromatic fire extinguishing solutions\u2019 &hellip;<\/p>\n<p class=\"read-more\"> <a class=\"\" href=\"https:\/\/www.ekronyanginsistemleri.com\/tr\/about\/\"> <span class=\"screen-reader-text\">Hakk\u0131m\u0131zda<\/span> Devam\u0131 &raquo;<\/a><\/p>","protected":false},"author":1,"featured_media":0,"parent":0,"menu_order":0,"comment_status":"closed","ping_status":"closed","template":"","meta":{"site-sidebar-layout":"no-sidebar","site-content-layout":"page-builder","ast-main-header-display":"","ast-hfb-above-header-display":"","ast-hfb-below-header-display":"","ast-hfb-mobile-header-display":"","site-post-title":"disabled","ast-breadcrumbs-content":"","ast-featured-img":"disabled","footer-sml-layout":"","theme-transparent-header-meta":"enabled","adv-header-id-meta":"","stick-header-meta":"","header-above-stick-meta":"","header-main-stick-meta":"","header-below-stick-meta":""},"_links":{"self":[{"href":"https:\/\/www.ekronyanginsistemleri.com\/tr\/wp-json\/wp\/v2\/pages\/71"}],"collection":[{"href":"https:\/\/www.ekronyanginsistemleri.com\/tr\/wp-json\/wp\/v2\/pages"}],"about":[{"href":"https:\/\/www.ekronyanginsistemleri.com\/tr\/wp-json\/wp\/v2\/types\/page"}],"author":[{"embeddable":true,"href":"https:\/\/www.ekronyanginsistemleri.com\/tr\/wp-json\/wp\/v2\/users\/1"}],"replies":[{"embeddable":true,"href":"https:\/\/www.ekronyanginsistemleri.com\/tr\/wp-json\/wp\/v2\/comments?post=71"}],"version-history":[{"count":22,"href":"https:\/\/www.ekronyanginsistemleri.com\/tr\/wp-json\/wp\/v2\/pages\/71\/revisions"}],"predecessor-version":[{"id":706,"href":"https:\/\/www.ekronyanginsistemleri.com\/tr\/wp-json\/wp\/v2\/pages\/71\/revisions\/706"}],"wp:attachment":[{"href":"https:\/\/www.ekronyanginsistemleri.com\/tr\/wp-json\/wp\/v2\/media?parent=71"}],"curies":[{"name":"wp","href":"https:\/\/api.w.org\/{rel}","templated":true}]}}